{"id":58,"date":"2022-09-02T13:26:28","date_gmt":"2022-09-02T13:26:28","guid":{"rendered":"https:\/\/dafx23.create.aau.dk\/?page_id=58"},"modified":"2023-08-07T09:20:14","modified_gmt":"2023-08-07T09:20:14","slug":"people","status":"publish","type":"page","link":"https:\/\/dafx23.create.aau.dk\/index.php\/people\/","title":{"rendered":"People"},"content":{"rendered":"\t\t<div data-elementor-type=\"wp-page\" data-elementor-id=\"58\" class=\"elementor elementor-58\">\n\t\t\t\t\t\t<section class=\"elementor-section elementor-top-section elementor-element elementor-element-8a8dd20 elementor-section-boxed elementor-section-height-default elementor-section-height-default\" data-id=\"8a8dd20\" data-element_type=\"section\">\n\t\t\t\t\t\t<div class=\"elementor-container elementor-column-gap-default\">\n\t\t\t\t\t<div class=\"elementor-column elementor-col-100 elementor-top-column elementor-element elementor-element-7490cd6\" data-id=\"7490cd6\" data-element_type=\"column\">\n\t\t\t<div class=\"elementor-widget-wrap elementor-element-populated\">\n\t\t\t\t\t\t<div class=\"elementor-element elementor-element-ecc6369 elementor-widget elementor-widget-spacer\" data-id=\"ecc6369\" data-element_type=\"widget\" data-widget_type=\"spacer.default\">\n\t\t\t\t<div class=\"elementor-widget-container\">\n\t\t\t<style>\/*! elementor - v3.23.0 - 05-08-2024 *\/\n.elementor-column .elementor-spacer-inner{height:var(--spacer-size)}.e-con{--container-widget-width:100%}.e-con-inner>.elementor-widget-spacer,.e-con>.elementor-widget-spacer{width:var(--container-widget-width,var(--spacer-size));--align-self:var(--container-widget-align-self,initial);--flex-shrink:0}.e-con-inner>.elementor-widget-spacer>.elementor-widget-container,.e-con>.elementor-widget-spacer>.elementor-widget-container{height:100%;width:100%}.e-con-inner>.elementor-widget-spacer>.elementor-widget-container>.elementor-spacer,.e-con>.elementor-widget-spacer>.elementor-widget-container>.elementor-spacer{height:100%}.e-con-inner>.elementor-widget-spacer>.elementor-widget-container>.elementor-spacer>.elementor-spacer-inner,.e-con>.elementor-widget-spacer>.elementor-widget-container>.elementor-spacer>.elementor-spacer-inner{height:var(--container-widget-height,var(--spacer-size))}.e-con-inner>.elementor-widget-spacer.elementor-widget-empty,.e-con>.elementor-widget-spacer.elementor-widget-empty{position:relative;min-height:22px;min-width:22px}.e-con-inner>.elementor-widget-spacer.elementor-widget-empty .elementor-widget-empty-icon,.e-con>.elementor-widget-spacer.elementor-widget-empty .elementor-widget-empty-icon{position:absolute;top:0;bottom:0;left:0;right:0;margin:auto;padding:0;width:22px;height:22px}<\/style>\t\t<div class=\"elementor-spacer\">\n\t\t\t<div class=\"elementor-spacer-inner\"><\/div>\n\t\t<\/div>\n\t\t\t\t<\/div>\n\t\t\t\t<\/div>\n\t\t\t\t\t<\/div>\n\t\t<\/div>\n\t\t\t\t\t<\/div>\n\t\t<\/section>\n\t\t\t\t<section class=\"elementor-section elementor-top-section elementor-element elementor-element-c6e8b8a elementor-section-boxed elementor-section-height-default elementor-section-height-default\" data-id=\"c6e8b8a\" data-element_type=\"section\">\n\t\t\t\t\t\t<div class=\"elementor-container elementor-column-gap-default\">\n\t\t\t\t\t<div class=\"elementor-column elementor-col-100 elementor-top-column elementor-element elementor-element-4921bb3\" data-id=\"4921bb3\" data-element_type=\"column\">\n\t\t\t<div class=\"elementor-widget-wrap elementor-element-populated\">\n\t\t\t\t\t\t<div class=\"elementor-element elementor-element-31f8a62 elementor-widget elementor-widget-heading\" data-id=\"31f8a62\" data-element_type=\"widget\" data-widget_type=\"heading.default\">\n\t\t\t\t<div class=\"elementor-widget-container\">\n\t\t\t<style>\/*! elementor - v3.23.0 - 05-08-2024 *\/\n.elementor-heading-title{padding:0;margin:0;line-height:1}.elementor-widget-heading .elementor-heading-title[class*=elementor-size-]>a{color:inherit;font-size:inherit;line-height:inherit}.elementor-widget-heading .elementor-heading-title.elementor-size-small{font-size:15px}.elementor-widget-heading .elementor-heading-title.elementor-size-medium{font-size:19px}.elementor-widget-heading .elementor-heading-title.elementor-size-large{font-size:29px}.elementor-widget-heading .elementor-heading-title.elementor-size-xl{font-size:39px}.elementor-widget-heading .elementor-heading-title.elementor-size-xxl{font-size:59px}<\/style><h1 class=\"elementor-heading-title elementor-size-xxl\">People<\/h1>\t\t<\/div>\n\t\t\t\t<\/div>\n\t\t\t\t\t<\/div>\n\t\t<\/div>\n\t\t\t\t\t<\/div>\n\t\t<\/section>\n\t\t\t\t<section class=\"elementor-section elementor-top-section elementor-element elementor-element-29c5e0f elementor-section-boxed elementor-section-height-default elementor-section-height-default\" data-id=\"29c5e0f\" data-element_type=\"section\">\n\t\t\t\t\t\t<div class=\"elementor-container elementor-column-gap-default\">\n\t\t\t\t\t<div class=\"elementor-column elementor-col-100 elementor-top-column elementor-element elementor-element-0506fc6\" data-id=\"0506fc6\" data-element_type=\"column\">\n\t\t\t<div class=\"elementor-widget-wrap elementor-element-populated\">\n\t\t\t\t\t\t<div class=\"elementor-element elementor-element-56927a6 elementor-widget elementor-widget-spacer\" data-id=\"56927a6\" data-element_type=\"widget\" data-widget_type=\"spacer.default\">\n\t\t\t\t<div class=\"elementor-widget-container\">\n\t\t\t\t\t<div class=\"elementor-spacer\">\n\t\t\t<div class=\"elementor-spacer-inner\"><\/div>\n\t\t<\/div>\n\t\t\t\t<\/div>\n\t\t\t\t<\/div>\n\t\t\t\t\t<\/div>\n\t\t<\/div>\n\t\t\t\t\t<\/div>\n\t\t<\/section>\n\t\t\t\t<section class=\"elementor-section elementor-top-section elementor-element elementor-element-09f9daa elementor-section-boxed elementor-section-height-default elementor-section-height-default\" data-id=\"09f9daa\" data-element_type=\"section\">\n\t\t\t\t\t\t<div class=\"elementor-container elementor-column-gap-default\">\n\t\t\t\t\t<div class=\"elementor-column elementor-col-100 elementor-top-column elementor-element elementor-element-e686c3f\" data-id=\"e686c3f\" data-element_type=\"column\">\n\t\t\t<div class=\"elementor-widget-wrap elementor-element-populated\">\n\t\t\t\t\t\t<div class=\"elementor-element elementor-element-a2362dd elementor-widget elementor-widget-heading\" data-id=\"a2362dd\" data-element_type=\"widget\" data-widget_type=\"heading.default\">\n\t\t\t\t<div class=\"elementor-widget-container\">\n\t\t\t<h2 class=\"elementor-heading-title elementor-size-default\">Organizing Committee <\/h2>\t\t<\/div>\n\t\t\t\t<\/div>\n\t\t\t\t<div class=\"elementor-element elementor-element-32a6ab8 elementor-widget elementor-widget-text-editor\" data-id=\"32a6ab8\" data-element_type=\"widget\" data-widget_type=\"text-editor.default\">\n\t\t\t\t<div class=\"elementor-widget-container\">\n\t\t\t<style>\/*! elementor - v3.23.0 - 05-08-2024 *\/\n.elementor-widget-text-editor.elementor-drop-cap-view-stacked .elementor-drop-cap{background-color:#69727d;color:#fff}.elementor-widget-text-editor.elementor-drop-cap-view-framed .elementor-drop-cap{color:#69727d;border:3px solid;background-color:transparent}.elementor-widget-text-editor:not(.elementor-drop-cap-view-default) .elementor-drop-cap{margin-top:8px}.elementor-widget-text-editor:not(.elementor-drop-cap-view-default) .elementor-drop-cap-letter{width:1em;height:1em}.elementor-widget-text-editor .elementor-drop-cap{float:left;text-align:center;line-height:1;font-size:50px}.elementor-widget-text-editor .elementor-drop-cap-letter{display:inline-block}<\/style>\t\t\t\t<ul><li>Stefania Serafin (MELab, Aalborg University, Copenhagen, Denmark)<\/li><li>Rolf Nordahl (MELab, Aalborg University, Copenhagen, Denmark)<\/li><li>Francesco Ganis (MELab, Aalborg University, Copenhagen, Denmark)<\/li><li>Razvan Paisa (MELab, Aalborg University, Copenhagen, Denmark)<\/li><li>Cumhur Erkut (MELab, Aalborg University, Copenhagen, Denmark)<\/li><li>Prithvi Ravi Kantan (MeCIS, Aalborg University, Copenhagen, Denmark)<\/li><li>Daniel Overholt (MeCIS, Aalborg University, Copenhagen, Denmark)<\/li><li>Simon Rostami (MELab, Aalborg University, Copenhagen, Denmark)<\/li><li>Anders Riddersholm Bargum (MELab, Aalborg University, Copenhagen, Denmark)<\/li><li>Ali Adjorlu (MELab, Aalborg University, Copenhagen, Denmark)<\/li><li>Doga Buse Cavdir (CCRMA, Stanford University, CA, USA)<\/li><li>Silvin Willemsen (Eindhoven University of Technology, Eindhoven, Netherlands)<\/li><li>Federico Fontana (Universit\u00e0 degli Studi di Udine, Udine, Italy)<\/li><li>Jesper Andersen (Royal Danish Accademy of Music, Copenhagen, Denmark)<\/li><li>Thomas Albert Rushton (MELab, Aalborg University, Copenhagen, Denmark)<\/li><\/ul>\t\t\t\t\t\t<\/div>\n\t\t\t\t<\/div>\n\t\t\t\t\t<\/div>\n\t\t<\/div>\n\t\t\t\t\t<\/div>\n\t\t<\/section>\n\t\t\t\t<section class=\"elementor-section elementor-top-section elementor-element elementor-element-0a0b0fa elementor-section-boxed elementor-section-height-default elementor-section-height-default\" data-id=\"0a0b0fa\" data-element_type=\"section\">\n\t\t\t\t\t\t<div class=\"elementor-container elementor-column-gap-default\">\n\t\t\t\t\t<div class=\"elementor-column elementor-col-100 elementor-top-column elementor-element elementor-element-d244be7\" data-id=\"d244be7\" data-element_type=\"column\">\n\t\t\t<div class=\"elementor-widget-wrap elementor-element-populated\">\n\t\t\t\t\t\t<div class=\"elementor-element elementor-element-9ae360a elementor-widget elementor-widget-spacer\" data-id=\"9ae360a\" data-element_type=\"widget\" data-widget_type=\"spacer.default\">\n\t\t\t\t<div class=\"elementor-widget-container\">\n\t\t\t\t\t<div class=\"elementor-spacer\">\n\t\t\t<div class=\"elementor-spacer-inner\"><\/div>\n\t\t<\/div>\n\t\t\t\t<\/div>\n\t\t\t\t<\/div>\n\t\t\t\t\t<\/div>\n\t\t<\/div>\n\t\t\t\t\t<\/div>\n\t\t<\/section>\n\t\t\t\t<section class=\"elementor-section elementor-top-section elementor-element elementor-element-5de4ea1 elementor-section-boxed elementor-section-height-default elementor-section-height-default\" data-id=\"5de4ea1\" data-element_type=\"section\">\n\t\t\t\t\t\t<div class=\"elementor-container elementor-column-gap-default\">\n\t\t\t\t\t<div class=\"elementor-column elementor-col-100 elementor-top-column elementor-element elementor-element-b006114\" data-id=\"b006114\" data-element_type=\"column\">\n\t\t\t<div class=\"elementor-widget-wrap elementor-element-populated\">\n\t\t\t\t\t\t<div class=\"elementor-element elementor-element-6584e8f elementor-widget elementor-widget-heading\" data-id=\"6584e8f\" data-element_type=\"widget\" data-widget_type=\"heading.default\">\n\t\t\t\t<div class=\"elementor-widget-container\">\n\t\t\t<h2 class=\"elementor-heading-title elementor-size-default\">DAFx Board<\/h2>\t\t<\/div>\n\t\t\t\t<\/div>\n\t\t\t\t<div class=\"elementor-element elementor-element-4787b44 elementor-widget elementor-widget-text-editor\" data-id=\"4787b44\" data-element_type=\"widget\" data-widget_type=\"text-editor.default\">\n\t\t\t\t<div class=\"elementor-widget-container\">\n\t\t\t\t\t\t\t<div class=\"row\"><div class=\"col\"><ul><li>Daniel Arfib (CNRS-LMA, Marseille, France)<\/li><li>Peter Balazs (Acoustics Research Institute, Austrian Academy of Sciences)<\/li><li>Nicola Bernardini (Conservatorio di Musica &#8220;Cesare Pollini&#8221;, Padova, Italy)<\/li><li>Stefan Bilbao (University of Edinburgh, UK)<\/li><li>Philippe Depalle (McGill University, Montreal, Canada)<\/li><li>Giovanni De Poli (CSC-DEI, University of Padova, Italy)<\/li><li>Myriam Desainte-Catherine (SCRIME, Universit\u00e9 de Bordeaux, France)<\/li><li>Markus Erne (Scopein Research, Aarau, Switzerland)<\/li><li>Gianpaolo Evangelista (University of Music and Performing Arts, Vienna, Austria)<\/li><li>Simon Godsill (University of Cambridge, UK)<\/li><li>Robert H\u00f6ldrich (IEM, University of Music and Performing Arts, Graz, Austria)<\/li><li>Pierre Hanna (Universit\u00e9 de Bordeaux, France)<\/li><li>Jean-Marc Jot (DTS, CA, USA)<\/li><li>Victor Lazzarini (National University of Ireland, Maynooth, Ireland)<\/li><li>Sylvain Marchand (L3i, University of La Rochelle, France)<\/li><li>Damian Murphy (University of York, UK)<\/li><li>S\u00f8ren Nielsen (SoundFocus, Arhus, Denmark)<\/li><li>Markus Noisternig (IRCAM &#8211; CNRS &#8211; Sorbonne University \/ UPMC, Paris, France)<\/li><li>Luis Ortiz Berenguer (ETSIS Telecomunicaci\u00f3n &#8211; Universidad Polit\u00e9cnica de Madrid, Spain)<\/li><li>Geoffroy Peeters (IRCAM, France)<\/li><li>Rudolf Rabenstein (University Erlangen-Nuremberg, Erlangen, Germany)<\/li><li>Davide Rocchesso (University of Palermo, Italy)<\/li><li>J\u00f8ran Rudi (NoTAM, Oslo, Norway)<\/li><li>Mark Sandler (Queen Mary University of London, UK)<\/li><li>Augusto Sarti (DEI &#8211; Politecnico di Milano, Italy)<\/li><li>Lauri Savioja (Aalto University, Espoo, Finland)<\/li><li>Xavier Serra (Universitat Pompeu Fabra, Barcelona, Spain)<\/li><li>Julius O. Smith (CCRMA, Stanford University, CA, USA)<\/li><li>Alois Sontacchi (IEM, Univ. of Music and Performing Arts, Graz, Austria)<\/li><li>Jan Tro (Norwegian University of Science and Technology, Trondheim, Norway)<\/li><li>Vesa V\u00e4lim\u00e4ki (Aalto University, Espoo, Finland)<\/li><li>Udo Z\u00f6lzer (Helmut-Schmidt University, Hamburg, Germany)<\/li><\/ul><\/div><\/div>\t\t\t\t\t\t<\/div>\n\t\t\t\t<\/div>\n\t\t\t\t\t<\/div>\n\t\t<\/div>\n\t\t\t\t\t<\/div>\n\t\t<\/section>\n\t\t\t\t<section class=\"elementor-section elementor-top-section elementor-element elementor-element-6d191ff elementor-section-boxed elementor-section-height-default elementor-section-height-default\" data-id=\"6d191ff\" data-element_type=\"section\">\n\t\t\t\t\t\t<div class=\"elementor-container elementor-column-gap-default\">\n\t\t\t\t\t<div class=\"elementor-column elementor-col-100 elementor-top-column elementor-element elementor-element-1807946\" data-id=\"1807946\" data-element_type=\"column\">\n\t\t\t<div class=\"elementor-widget-wrap elementor-element-populated\">\n\t\t\t\t\t\t<div class=\"elementor-element elementor-element-9d3a2f6 elementor-widget elementor-widget-spacer\" data-id=\"9d3a2f6\" data-element_type=\"widget\" data-widget_type=\"spacer.default\">\n\t\t\t\t<div class=\"elementor-widget-container\">\n\t\t\t\t\t<div class=\"elementor-spacer\">\n\t\t\t<div class=\"elementor-spacer-inner\"><\/div>\n\t\t<\/div>\n\t\t\t\t<\/div>\n\t\t\t\t<\/div>\n\t\t\t\t\t<\/div>\n\t\t<\/div>\n\t\t\t\t\t<\/div>\n\t\t<\/section>\n\t\t\t\t<section class=\"elementor-section elementor-top-section elementor-element elementor-element-5a63f89 elementor-section-boxed elementor-section-height-default elementor-section-height-default\" data-id=\"5a63f89\" data-element_type=\"section\">\n\t\t\t\t\t\t<div class=\"elementor-container elementor-column-gap-default\">\n\t\t\t\t\t<div class=\"elementor-column elementor-col-100 elementor-top-column elementor-element elementor-element-5150620\" data-id=\"5150620\" data-element_type=\"column\">\n\t\t\t<div class=\"elementor-widget-wrap elementor-element-populated\">\n\t\t\t\t\t\t<div class=\"elementor-element elementor-element-8a2f4d0 elementor-widget elementor-widget-heading\" data-id=\"8a2f4d0\" data-element_type=\"widget\" data-widget_type=\"heading.default\">\n\t\t\t\t<div class=\"elementor-widget-container\">\n\t\t\t<h2 class=\"elementor-heading-title elementor-size-default\">DAFx Programme Committee<\/h2>\t\t<\/div>\n\t\t\t\t<\/div>\n\t\t\t\t<div class=\"elementor-element elementor-element-3723819 elementor-widget elementor-widget-text-editor\" data-id=\"3723819\" data-element_type=\"widget\" data-widget_type=\"text-editor.default\">\n\t\t\t\t<div class=\"elementor-widget-container\">\n\t\t\t\t\t\t\t<div class=\"row\"><div class=\"col\"><ul><li>Alexander Adami, IIS Fraunhofer Institut<\/li><li>Benoit Alary, IRCAM<\/li><li>Adrian Artacho, University of Music and Performing Arts Vienna<\/li><li>Federico Avanzini, University of Milan<\/li><li>Isabel Barbancho, Universidad of M\u00e1laga<\/li><li>Stefan Bayer, International Audiolabs Erlangen<\/li><li>Jose R Beltran, University of Zaragoza<\/li><li>Gilberto Bernardes, University of Porto<\/li><li>Stefan Bilbao, The University of Edinburgh<\/li><li>Ivica Bukvic, Virginia Tech<\/li><li>Guilherme Campos, University of Aveiro<\/li><li>Sergio Canazza, University of Padova<\/li><li>Elliot Canfield-Dafilou, Institut Jean le Rond \u2202&#8217;Alembert, Sorbonne Universit\u00e9\/CNRS<\/li><li>F. Am\u00edlcar Cardoso, DEI, CISUC, University of Coimbra<\/li><li>Thibaut Carpentier, Ircam<\/li><li>Jason Corey, University of Michigan<\/li><li>Gloria Dal Santo, Aalto University<\/li><li>Stefano D&#8217;Angelo, dangelo.audio<\/li><li>Roger Dannenberg, Carnegie Mellon University<\/li><li>Orchisama Das, CCRMA, Stanford University<\/li><li>Vincent Debut, CTN\/IST\/UTL<\/li><li>Kristjan Dempwolf, PreSonus Software<\/li><li>Sascha Disch, Fraunhofer<\/li><li>Christian Dittmar, Fraunhofer<\/li><li>Maur\u00edcio Do Vale Madeira da Costa, Federal University of Rio de Janeiro and T\u00e9l\u00e9com-ParisTech\/Universit\u00e9 Paris-Saclay<\/li><li>Michele Ducceschi, University of Bologna<\/li><li>Lars Engeln, Chair of Mediadesign, Technische Universit\u00e4t Dresden<\/li><li>Philippe Esling, IRCAM<\/li><li>Fabian Esqueda, Aalto University<\/li><li>Gianpaolo Evangelista, MDW Univ.<\/li><li>Jon Fagerstr\u00f6m, Aalto University<\/li><li>Christof Faller, Illusonic GmbH<\/li><li>Leonardo Fierro, Aalto University<\/li><li>Federico Fontana, University of Udine<\/li><li>Diamantino Freitas, University of Porto<\/li><li>Anastasia Georgaki, University of Athens<\/li><li>Michele Geronazzo, Department of Engineering and Management, University of Padova<\/li><li>Jean-Louis Giavitto, IRCAM &#8211; UMR STMS 9912 CNRS<\/li><li>Dan Gillespie, Newfangled Audio<\/li><li>Bruno Gingras, Department of Computing, Goldsmiths, University of London<\/li><li>Joachim Heintz, HMTM Hannover<\/li><li>Robert Hoeldrich, University of Music and Performing Arts Graz<\/li><li>Nicki Holighaus, Acoustics Research Institute, Austrian Academy of Sciences<\/li><li>Bo Holm-Rasmussen, Technical University of Denmark<\/li><li>Andrew Horner, The Hong Kong University of Science and Technology<\/li><li>Alexander Refsum Jensenius, University of Oslo<\/li><li>Pierre Jouvelot, Mines Paris, PSL University<\/li><li>David Kim-Boyle, The University of Sydney<\/li><li>Filipe Cunha Monteiro Lopes, Escola Superior de Media Artes e Design &#8211; IPP<\/li><li>Alexey Lukin, iZotope, Inc.<\/li><li>Eric Lyon, VT<\/li><li>Piotr Majdak, Acoustics Research Institute, Austrian Academy of Sciences<\/li><li>Sylvain Marchand, University of La Rochelle<\/li><li>Thomas Mejstrik, University of Vienna<\/li><li>Thomas Mejstrik, University of Vienna<\/li><li>Romain Michon, CCRMA<\/li><li>Fabio Morreale, The University of Auckland<\/li><li>Shahan Nercessian, iZotope, Inc.<\/li><li>S\u00f8ren Nielsen, SoundFocus<\/li><li>Oriol Nieto, Pandora Media, Inc.<\/li><li>Stavros Ntalampiras, University of Milan<\/li><li>Rui Pedro Paiva, University of Coimbra<\/li><li>Julian Parker, Native Instruments<\/li><li>Sandra Pauletto, KTH Royal Institute of Technology<\/li><li>Miller Puckette, University of California San Diego<\/li><li>Marcelo Queiroz, Computer Science Department \u2013 University of S\u00e3o Paulo<\/li><li>Rudolf Rabenstein, University Erlangen-Nuremberg<\/li><li>Stephane Ragot, ORANGE<\/li><li>Pavel Rajmic, Brno University of Technology<\/li><li>Ga\u00ebl Richard, Telecom Paris<\/li><li>Davide Rocchesso, Universit\u00e0 degli Studi di Palermo<\/li><li>Antonio Roda, University of Padova<\/li><li>Axel Roebel, IRCAM<\/li><li>Robert Rowe, New York University<\/li><li>David Roze, STMS lab, CNRS-IRCAM-SU<\/li><li>Franti\u0161ek Rund, CTU FEE<\/li><li>Sigurd Saue, Nomono AS<\/li><li>Carla Scaletti, Symbolic Sound Corporation<\/li><li>Maximilian Sch\u00e4fer, Friedrich-Alexander Universit\u00e4t Erlangen-N\u00fcrnberg<\/li><li>Jiri Schimmel, Brno University of Technology<\/li><li>Rod Selfridge, Edinburgh Napier University<\/li><li>Sertan \u015eent\u00fcrk, Universitat Pompeu Fabra<\/li><li>Stefania Serafin, Aalborg University<\/li><li>Xavier Serra, Universitat Pompeu Fabra<\/li><li>Kai Siedenburg, Carl von Ossietzky University of Oldenburg<\/li><li>Martin Supper, Berlin University of the Arts<\/li><li>Tapio Takala, Aalto University<\/li><li>Tony Tew, University of York<\/li><li>Etienne Thoret, Schulich School of Music, McGill University<\/li><li>Vesa Valimaki, Department of Signal Processing and Acoustics, Aalto University School of Electrical Engineering<\/li><li>Maarten Van Walstijn, Queen&#8217;s University Belfast<\/li><li>Gualtiero Volpe, InfoMus-DIST-University of Genoa<\/li><li>Henrik von Coler, TU Berlin<\/li><li>Russell Wedelich, Eventide Inc<\/li><li>Jeremy Wells, Creative Ltd.<\/li><li>Kurt Werner, iZotope, Inc.<\/li><li>Silvin Willemsen, Eindhoven University of Technology<\/li><li>Alec Wright, Aalto University<\/li><li>Stefano Zambon, MIND Music Labs<\/li><\/ul><\/div><\/div>\t\t\t\t\t\t<\/div>\n\t\t\t\t<\/div>\n\t\t\t\t\t<\/div>\n\t\t<\/div>\n\t\t\t\t\t<\/div>\n\t\t<\/section>\n\t\t\t\t<section class=\"elementor-section elementor-top-section elementor-element elementor-element-bc4517c elementor-section-boxed elementor-section-height-default elementor-section-height-default\" data-id=\"bc4517c\" data-element_type=\"section\">\n\t\t\t\t\t\t<div class=\"elementor-container elementor-column-gap-default\">\n\t\t\t\t\t<div class=\"elementor-column elementor-col-100 elementor-top-column elementor-element elementor-element-3f1809c\" data-id=\"3f1809c\" data-element_type=\"column\">\n\t\t\t<div class=\"elementor-widget-wrap elementor-element-populated\">\n\t\t\t\t\t\t<div class=\"elementor-element elementor-element-9b669ad elementor-widget elementor-widget-spacer\" data-id=\"9b669ad\" data-element_type=\"widget\" data-widget_type=\"spacer.default\">\n\t\t\t\t<div class=\"elementor-widget-container\">\n\t\t\t\t\t<div class=\"elementor-spacer\">\n\t\t\t<div class=\"elementor-spacer-inner\"><\/div>\n\t\t<\/div>\n\t\t\t\t<\/div>\n\t\t\t\t<\/div>\n\t\t\t\t\t<\/div>\n\t\t<\/div>\n\t\t\t\t\t<\/div>\n\t\t<\/section>\n\t\t\t\t<\/div>\n\t\t","protected":false},"excerpt":{"rendered":"<p>People Organizing Committee Stefania Serafin (MELab, Aalborg University, Copenhagen, Denmark) Rolf Nordahl (MELab, Aalborg University, Copenhagen, Denmark) Francesco Ganis (MELab, Aalborg University, Copenhagen, Denmark) Razvan Paisa (MELab, Aalborg University, Copenhagen, Denmark) Cumhur Erkut (MELab, Aalborg University, Copenhagen, Denmark) Prithvi Ravi Kantan (MeCIS, Aalborg University, Copenhagen, Denmark) Daniel Overholt (MeCIS, Aalborg University, Copenhagen, Denmark) Simon Rostami [&hellip;]<\/p>\n","protected":false},"author":1,"featured_media":0,"parent":0,"menu_order":0,"comment_status":"closed","ping_status":"closed","template":"","meta":{"footnotes":""},"class_list":["post-58","page","type-page","status-publish","hentry"],"_links":{"self":[{"href":"https:\/\/dafx23.create.aau.dk\/index.php\/wp-json\/wp\/v2\/pages\/58"}],"collection":[{"href":"https:\/\/dafx23.create.aau.dk\/index.php\/wp-json\/wp\/v2\/pages"}],"about":[{"href":"https:\/\/dafx23.create.aau.dk\/index.php\/wp-json\/wp\/v2\/types\/page"}],"author":[{"embeddable":true,"href":"https:\/\/dafx23.create.aau.dk\/index.php\/wp-json\/wp\/v2\/users\/1"}],"replies":[{"embeddable":true,"href":"https:\/\/dafx23.create.aau.dk\/index.php\/wp-json\/wp\/v2\/comments?post=58"}],"version-history":[{"count":62,"href":"https:\/\/dafx23.create.aau.dk\/index.php\/wp-json\/wp\/v2\/pages\/58\/revisions"}],"predecessor-version":[{"id":1638,"href":"https:\/\/dafx23.create.aau.dk\/index.php\/wp-json\/wp\/v2\/pages\/58\/revisions\/1638"}],"wp:attachment":[{"href":"https:\/\/dafx23.create.aau.dk\/index.php\/wp-json\/wp\/v2\/media?parent=58"}],"curies":[{"name":"wp","href":"https:\/\/api.w.org\/{rel}","templated":true}]}}